{"id":3,"date":"2025-06-28T14:13:29","date_gmt":"2025-06-28T14:13:29","guid":{"rendered":"http:\/\/eternelle-event.fr\/?page_id=3"},"modified":"2025-11-25T18:45:26","modified_gmt":"2025-11-25T18:45:26","slug":"privacy-policy","status":"publish","type":"page","link":"http:\/\/eternelle-event.fr\/?page_id=3","title":{"rendered":"Politique de confidentialit\u00e9"},"content":{"rendered":"<div class=\"fusion-fullwidth fullwidth-box fusion-builder-row-1 fusion-flex-container nonhundred-percent-fullwidth non-hundred-percent-height-scrolling\" style=\"--awb-border-radius-top-left:0px;--awb-border-radius-top-right:0px;--awb-border-radius-bottom-right:0px;--awb-border-radius-bottom-left:0px;--awb-padding-bottom:48px;--awb-flex-wrap:wrap;\" ><div class=\"fusion-builder-row fusion-row fusion-flex-align-items-flex-start fusion-flex-content-wrap\" style=\"max-width:1430px;margin-left: calc(-4% \/ 2 );margin-right: calc(-4% \/ 2 );\"><div class=\"fusion-layout-column fusion_builder_column fusion-builder-column-0 fusion_builder_column_1_1 1_1 fusion-flex-column\" style=\"--awb-bg-blend:overlay;--awb-bg-size:cover;--awb-width-large:100%;--awb-margin-top-large:0px;--awb-spacing-right-large:1.92%;--awb-margin-bottom-large:0px;--awb-spacing-left-large:4.8%;--awb-width-medium:100%;--awb-spacing-right-medium:1.92%;--awb-spacing-left-medium:1.92%;--awb-width-small:100%;--awb-spacing-right-small:1.92%;--awb-spacing-left-small:1.92%;\"><div class=\"fusion-column-wrapper fusion-flex-justify-content-flex-start fusion-content-layout-column\"><div class=\"fusion-text fusion-text-1\"><p data-start=\"271\" data-end=\"616\">La pr\u00e9sente Politique de Confidentialit\u00e9 explique comment\u00a0<strong data-start=\"329\" data-end=\"348\">\u00c9ternelle Event<\/strong>, SAS immatricul\u00e9e sous le SIRET\u00a0<strong data-start=\"381\" data-end=\"402\">990 685 125 00017<\/strong>\u00a0et situ\u00e9e\u00a0<strong data-start=\"413\" data-end=\"453\">24 rue du 10 juin, 68740 Hirtzfelden<\/strong>, collecte, utilise et prot\u00e8ge vos donn\u00e9es personnelles conform\u00e9ment au R\u00e8glement G\u00e9n\u00e9ral sur la Protection des Donn\u00e9es (RGPD) et \u00e0 la loi Informatique &amp; Libert\u00e9s.<\/p>\n<hr data-start=\"618\" data-end=\"621\" \/>\n<h1 data-start=\"623\" data-end=\"657\"><strong data-start=\"625\" data-end=\"657\">1. Responsable du traitement<\/strong><\/h1>\n<p data-start=\"659\" data-end=\"834\">Le responsable du traitement des donn\u00e9es personnelles est :<br data-start=\"718\" data-end=\"721\" \/><strong data-start=\"721\" data-end=\"760\">\u00c9ternelle Event \u2014 Schebacher Malory<\/strong><br data-start=\"760\" data-end=\"763\" \/>\ud83d\udccd 24 rue du 10 juin, 68740 Hirtzfelden<br data-start=\"802\" data-end=\"805\" \/>\ud83d\udce9\u00a0<a href=\"mailto:contact@eternelle-event.fr\">contact@eternelle-event.fr<\/a><\/p>\n<hr data-start=\"836\" data-end=\"839\" \/>\n<h1 data-start=\"841\" data-end=\"868\"><strong data-start=\"843\" data-end=\"868\">2. Donn\u00e9es collect\u00e9es<\/strong><\/h1>\n<p data-start=\"870\" data-end=\"965\">Nous collectons uniquement les donn\u00e9es n\u00e9cessaires \u00e0 notre activit\u00e9, notamment lorsque vous :<\/p>\n<ul data-start=\"966\" data-end=\"1107\">\n<li data-start=\"966\" data-end=\"1010\">\n<p data-start=\"968\" data-end=\"1010\">utilisez notre\u00a0<strong data-start=\"983\" data-end=\"1008\">formulaire de contact<\/strong><\/p>\n<\/li>\n<li data-start=\"1011\" data-end=\"1032\">\n<p data-start=\"1013\" data-end=\"1032\">demandez un devis<\/p>\n<\/li>\n<li data-start=\"1033\" data-end=\"1060\">\n<p data-start=\"1035\" data-end=\"1060\">r\u00e9servez un rendez-vous<\/p>\n<\/li>\n<li data-start=\"1061\" data-end=\"1107\">\n<p data-start=\"1063\" data-end=\"1107\">consultez notre site (cookies &amp; analytics)<\/p>\n<\/li>\n<\/ul>\n<h3 data-start=\"1109\" data-end=\"1150\">Les donn\u00e9es pouvant \u00eatre collect\u00e9es :<\/h3>\n<ul data-start=\"1151\" data-end=\"1336\">\n<li data-start=\"1151\" data-end=\"1166\">\n<p data-start=\"1153\" data-end=\"1166\">Nom, pr\u00e9nom<\/p>\n<\/li>\n<li data-start=\"1167\" data-end=\"1185\">\n<p data-start=\"1169\" data-end=\"1185\">Adresse e-mail<\/p>\n<\/li>\n<li data-start=\"1186\" data-end=\"1209\">\n<p data-start=\"1188\" data-end=\"1209\">Num\u00e9ro de t\u00e9l\u00e9phone<\/p>\n<\/li>\n<li data-start=\"1210\" data-end=\"1254\">\n<p data-start=\"1212\" data-end=\"1254\">Informations relatives \u00e0 votre \u00e9v\u00e9nement<\/p>\n<\/li>\n<li data-start=\"1255\" data-end=\"1293\">\n<p data-start=\"1257\" data-end=\"1293\">Messages envoy\u00e9s via le formulaire<\/p>\n<\/li>\n<li data-start=\"1294\" data-end=\"1336\">\n<p data-start=\"1296\" data-end=\"1336\">Donn\u00e9es de navigation (Google Analytics)<\/p>\n<\/li>\n<\/ul>\n<p data-start=\"1338\" data-end=\"1386\">Nous\u00a0<strong data-start=\"1343\" data-end=\"1364\">ne collectons pas<\/strong>\u00a0de donn\u00e9es sensibles.<\/p>\n<hr data-start=\"1388\" data-end=\"1391\" \/>\n<h1 data-start=\"1393\" data-end=\"1426\"><strong data-start=\"1395\" data-end=\"1426\">3. Finalit\u00e9s de la collecte<\/strong><\/h1>\n<p data-start=\"1428\" data-end=\"1463\">Vos donn\u00e9es sont utilis\u00e9es pour :<\/p>\n<ul data-start=\"1464\" data-end=\"1670\">\n<li data-start=\"1464\" data-end=\"1518\">\n<p data-start=\"1466\" data-end=\"1518\">r\u00e9pondre \u00e0 vos demandes envoy\u00e9es via le formulaire<\/p>\n<\/li>\n<li data-start=\"1519\" data-end=\"1550\">\n<p data-start=\"1521\" data-end=\"1550\">\u00e9tablir et envoyer un devis<\/p>\n<\/li>\n<li data-start=\"1551\" data-end=\"1600\">\n<p data-start=\"1553\" data-end=\"1600\">assurer le suivi de votre projet \u00e9v\u00e9nementiel<\/p>\n<\/li>\n<li data-start=\"1601\" data-end=\"1626\">\n<p data-start=\"1603\" data-end=\"1626\">communiquer avec vous<\/p>\n<\/li>\n<li data-start=\"1627\" data-end=\"1670\">\n<p data-start=\"1629\" data-end=\"1670\">analyser le trafic du site (statistiques)<\/p>\n<\/li>\n<\/ul>\n<p data-start=\"1672\" data-end=\"1707\">Les donn\u00e9es ne sont jamais vendues.<\/p>\n<hr data-start=\"1709\" data-end=\"1712\" \/>\n<h1 data-start=\"1714\" data-end=\"1748\"><strong data-start=\"1716\" data-end=\"1748\">4. Base l\u00e9gale du traitement<\/strong><\/h1>\n<p data-start=\"1750\" data-end=\"1782\">Les traitements reposent sur :<\/p>\n<ul data-start=\"1783\" data-end=\"1976\">\n<li data-start=\"1783\" data-end=\"1842\">\n<p data-start=\"1785\" data-end=\"1842\"><strong data-start=\"1785\" data-end=\"1807\">Votre consentement<\/strong>\u00a0(cookies, formulaire de contact)<\/p>\n<\/li>\n<li data-start=\"1843\" data-end=\"1928\">\n<p data-start=\"1845\" data-end=\"1928\"><strong data-start=\"1845\" data-end=\"1873\">L\u2019ex\u00e9cution d\u2019un contrat<\/strong>\u00a0ou de mesures pr\u00e9contractuelles (devis, prestations)<\/p>\n<\/li>\n<li data-start=\"1929\" data-end=\"1976\">\n<p data-start=\"1931\" data-end=\"1976\"><strong data-start=\"1931\" data-end=\"1953\">L\u2019int\u00e9r\u00eat l\u00e9gitime<\/strong>\u00a0(am\u00e9lioration du site)<\/p>\n<\/li>\n<\/ul>\n<hr data-start=\"1978\" data-end=\"1981\" \/>\n<h1 data-start=\"1983\" data-end=\"2017\"><strong data-start=\"1985\" data-end=\"2017\">5. Destinataires des donn\u00e9es<\/strong><\/h1>\n<p data-start=\"2019\" data-end=\"2051\">Les donn\u00e9es sont destin\u00e9es \u00e0 :<\/p>\n<ul data-start=\"2052\" data-end=\"2132\">\n<li data-start=\"2052\" data-end=\"2071\">\n<p data-start=\"2054\" data-end=\"2071\">\u00c9ternelle Event<\/p>\n<\/li>\n<li data-start=\"2072\" data-end=\"2132\">\n<p data-start=\"2074\" data-end=\"2132\">Nos prestataires techniques (h\u00e9bergeur OVH, outils Google)<\/p>\n<\/li>\n<\/ul>\n<p data-start=\"2134\" data-end=\"2200\">Aucune donn\u00e9e n\u2019est transmise \u00e0 des tiers \u00e0 des fins commerciales.<\/p>\n<hr data-start=\"2202\" data-end=\"2205\" \/>\n<h1 data-start=\"2207\" data-end=\"2237\"><strong data-start=\"2209\" data-end=\"2237\">6. Dur\u00e9e de conservation<\/strong><\/h1>\n<p data-start=\"2239\" data-end=\"2288\">Les dur\u00e9es de conservation sont les suivantes :<\/p>\n<ul data-start=\"2290\" data-end=\"2538\">\n<li data-start=\"2290\" data-end=\"2335\">\n<p data-start=\"2292\" data-end=\"2335\">Messages\/formulaire :\u00a0<strong data-start=\"2314\" data-end=\"2333\">jusqu\u2019\u00e0 36 mois<\/strong><\/p>\n<\/li>\n<li data-start=\"2336\" data-end=\"2411\">\n<p data-start=\"2338\" data-end=\"2411\">Donn\u00e9es clients : le temps n\u00e9cessaire \u00e0 la gestion puis archivage l\u00e9gal<\/p>\n<\/li>\n<li data-start=\"2412\" data-end=\"2479\">\n<p data-start=\"2414\" data-end=\"2479\">Cookies Google Analytics : selon les dur\u00e9es d\u00e9finies par Google<\/p>\n<\/li>\n<li data-start=\"2480\" data-end=\"2538\">\n<p data-start=\"2482\" data-end=\"2538\">Informations comptables :\u00a0<strong data-start=\"2508\" data-end=\"2518\">10 ans<\/strong>\u00a0(obligation l\u00e9gale)<\/p>\n<\/li>\n<\/ul>\n<hr data-start=\"2540\" data-end=\"2543\" \/>\n<h1 data-start=\"2545\" data-end=\"2561\"><strong data-start=\"2547\" data-end=\"2561\">7. Cookies<\/strong><\/h1>\n<p data-start=\"2563\" data-end=\"2582\">Le site utilise :<\/p>\n<ul data-start=\"2583\" data-end=\"2690\">\n<li data-start=\"2583\" data-end=\"2627\">\n<p data-start=\"2585\" data-end=\"2627\"><strong data-start=\"2585\" data-end=\"2605\">Google Analytics<\/strong>\u00a0: mesure d\u2019audience<\/p>\n<\/li>\n<li data-start=\"2628\" data-end=\"2690\">\n<p data-start=\"2630\" data-end=\"2690\">Cookies techniques n\u00e9cessaires au bon fonctionnement du site<\/p>\n<\/li>\n<\/ul>\n<p data-start=\"2692\" data-end=\"2819\">Lors de votre premi\u00e8re visite, vous pouvez\u00a0<strong data-start=\"2735\" data-end=\"2785\">accepter ou refuser les cookies non essentiels<\/strong>\u00a0via une banni\u00e8re de consentement.<\/p>\n<p data-start=\"2821\" data-end=\"2895\">Vous pouvez \u00e9galement les supprimer dans les r\u00e9glages de votre navigateur.<\/p>\n<hr data-start=\"2897\" data-end=\"2900\" \/>\n<h1 data-start=\"2902\" data-end=\"2919\"><strong data-start=\"2904\" data-end=\"2919\">8. S\u00e9curit\u00e9<\/strong><\/h1>\n<p data-start=\"2921\" data-end=\"3109\">Nous mettons en place toutes les mesures techniques et organisationnelles pour assurer la s\u00e9curit\u00e9 de vos donn\u00e9es.<br data-start=\"3035\" data-end=\"3038\" \/>Cependant, aucune transmission via Internet n\u2019est totalement s\u00e9curis\u00e9e.<\/p>\n<hr data-start=\"3111\" data-end=\"3114\" \/>\n<h1 data-start=\"3116\" data-end=\"3135\"><strong data-start=\"3118\" data-end=\"3135\">9. Vos droits<\/strong><\/h1>\n<p data-start=\"3137\" data-end=\"3196\">Conform\u00e9ment au RGPD, vous disposez des droits suivants :<\/p>\n<ul data-start=\"3198\" data-end=\"3403\">\n<li data-start=\"3198\" data-end=\"3219\">\n<p data-start=\"3200\" data-end=\"3219\"><strong data-start=\"3200\" data-end=\"3217\">Droit d\u2019acc\u00e8s<\/strong><\/p>\n<\/li>\n<li data-start=\"3220\" data-end=\"3250\">\n<p data-start=\"3222\" data-end=\"3250\"><strong data-start=\"3222\" data-end=\"3248\">Droit de rectification<\/strong><\/p>\n<\/li>\n<li data-start=\"3251\" data-end=\"3277\">\n<p data-start=\"3253\" data-end=\"3277\"><strong data-start=\"3253\" data-end=\"3275\">Droit d\u2019opposition<\/strong><\/p>\n<\/li>\n<li data-start=\"3278\" data-end=\"3328\">\n<p data-start=\"3280\" data-end=\"3328\"><strong data-start=\"3280\" data-end=\"3304\">Droit \u00e0 l\u2019effacement<\/strong>\u00a0(\u00ab droit \u00e0 l\u2019oubli \u00bb)<\/p>\n<\/li>\n<li data-start=\"3329\" data-end=\"3372\">\n<p data-start=\"3331\" data-end=\"3372\"><strong data-start=\"3331\" data-end=\"3370\">Droit \u00e0 la limitation du traitement<\/strong><\/p>\n<\/li>\n<li data-start=\"3373\" data-end=\"3403\">\n<p data-start=\"3375\" data-end=\"3403\"><strong data-start=\"3375\" data-end=\"3401\">Droit \u00e0 la portabilit\u00e9<\/strong><\/p>\n<\/li>\n<\/ul>\n<p data-start=\"3405\" data-end=\"3477\">Pour exercer vos droits, contactez :<br data-start=\"3441\" data-end=\"3444\" \/>\ud83d\udce9\u00a0<strong data-start=\"3447\" data-end=\"3477\"><a href=\"mailto:contact@eternelle-event.fr\">contact@eternelle-event.fr<\/a><\/strong><\/p>\n<p data-start=\"3479\" data-end=\"3524\">Une r\u00e9ponse vous sera apport\u00e9e sous 30 jours.<\/p>\n<hr data-start=\"3526\" data-end=\"3529\" \/>\n<h1 data-start=\"3531\" data-end=\"3569\"><strong data-start=\"3533\" data-end=\"3569\">10. Modification de la Politique<\/strong><\/h1>\n<p data-start=\"3571\" data-end=\"3709\">\u00c9ternelle Event se r\u00e9serve le droit de mettre \u00e0 jour cette politique \u00e0 tout moment.<br data-start=\"3654\" data-end=\"3657\" \/>La version en vigueur est celle publi\u00e9e sur le site.<\/p>\n<hr data-start=\"3711\" data-end=\"3714\" \/>\n<h1 data-start=\"3716\" data-end=\"3733\"><strong data-start=\"3718\" data-end=\"3733\">11. Contact<\/strong><\/h1>\n<p data-start=\"3735\" data-end=\"3829\">Pour toute question concernant la gestion de vos donn\u00e9es :<br data-start=\"3793\" data-end=\"3796\" \/>\ud83d\udce9\u00a0<strong data-start=\"3799\" data-end=\"3829\"><a href=\"mailto:contact@eternelle-event.fr\">contact@eternelle-event.fr<\/a><\/strong><\/p><\/p>\n<\/div><\/div><\/div><\/div><\/div><!-- \/wp:post-content -->","protected":false},"excerpt":{"rendered":"","protected":false},"author":1,"featured_media":0,"parent":0,"menu_order":0,"comment_status":"closed","ping_status":"closed","template":"","meta":{"footnotes":""},"class_list":["post-3","page","type-page","status-publish","hentry"],"_links":{"self":[{"href":"http:\/\/eternelle-event.fr\/index.php?rest_route=\/wp\/v2\/pages\/3","targetHints":{"allow":["GET"]}}],"collection":[{"href":"http:\/\/eternelle-event.fr\/index.php?rest_route=\/wp\/v2\/pages"}],"about":[{"href":"http:\/\/eternelle-event.fr\/index.php?rest_route=\/wp\/v2\/types\/page"}],"author":[{"embeddable":true,"href":"http:\/\/eternelle-event.fr\/index.php?rest_route=\/wp\/v2\/users\/1"}],"replies":[{"embeddable":true,"href":"http:\/\/eternelle-event.fr\/index.php?rest_route=%2Fwp%2Fv2%2Fcomments&post=3"}],"version-history":[{"count":4,"href":"http:\/\/eternelle-event.fr\/index.php?rest_route=\/wp\/v2\/pages\/3\/revisions"}],"predecessor-version":[{"id":3937,"href":"http:\/\/eternelle-event.fr\/index.php?rest_route=\/wp\/v2\/pages\/3\/revisions\/3937"}],"wp:attachment":[{"href":"http:\/\/eternelle-event.fr\/index.php?rest_route=%2Fwp%2Fv2%2Fmedia&parent=3"}],"curies":[{"name":"wp","href":"https:\/\/api.w.org\/{rel}","templated":true}]}}